{"id":5,"date":"2018-09-18T22:51:00","date_gmt":"2018-09-18T20:51:00","guid":{"rendered":"http:\/\/standards4.university\/?page_id=5"},"modified":"2019-01-17T13:50:44","modified_gmt":"2019-01-17T12:50:44","slug":"o-konsorcjum","status":"publish","type":"page","link":"https:\/\/standards4.university\/","title":{"rendered":"Konsorcjum"},"content":{"rendered":"<p>Uniwersytet \u0141\u00f3dzki i Uniwersytet Opolski w roku 2017 za\u0142o\u017cyli Konsorcjum pod nazw\u0105 \u201e\u00a0<strong><em>Standaryzacja Rozwi\u0105za\u0144 Zarz\u0105dczych dla Uczelni&#8221;.<\/em><\/strong><\/p>\n<p>Przedsi\u0119wzi\u0119cie to ma sprzyja\u0107 skuteczniejszemu zarz\u0105dzaniu administracj\u0105 i finansami uniwersytet\u00f3w, a\u00a0tak\u017ce oferowa\u0107 biznesowi lepsze us\u0142ugi i\u00a0know-how. Podstaw\u0105 wsp\u00f3\u0142pracy b\u0119dzie Kompleksowy System Informacyjny (KSI), dzi\u0119ki kt\u00f3remu Uniwersytet \u0141\u00f3dzki osi\u0105gn\u0105\u0142 w\u00a0ci\u0105gu kilku ostatnich lat znakomity wynik finansowy.<\/p>\n<p><em>Uczelnia jest bardzo z\u0142o\u017conym organizmem, mamy ju\u017c du\u017ce do\u015bwiadczenie w\u00a0zakresie nowoczesnego zarz\u0105dzania nasz\u0105 jednostk\u0105 naukow\u0105, ale chcemy te\u017c uczy\u0107 si\u0119 od innych, bo ka\u017cda szko\u0142a wy\u017csza ma swoj\u0105 specyfik\u0119 dzia\u0142ania<\/em> \u2013\u00a0powiedzia\u0142 Rektor Uniwersytetu \u0141\u00f3dzkiego, prof. Antoni R\u00f3\u017calski.<\/p>\n<p><em>Bazuj\u0105c na systemie stosowanym przez Uniwersytet \u0141\u00f3dzki b\u0119dziemy mogli wyeliminowa\u0107 ewentualne b\u0142\u0119dy, to pocz\u0105tek wi\u0119kszej i\u00a0d\u0142u\u017cszej wsp\u00f3\u0142pracy, mamy nadziej\u0119, \u017ce do\u0142\u0105cz\u0105 do nas inne uczelnie wy\u017csze<\/em> \u2013\u00a0doda\u0142 Rektor Uniwersytetu Opolskiego, Profesor Marek Masnyk.<\/p>\n<p>Uniwersytet \u0141\u00f3dzki zacz\u0105\u0142 przygotowywa\u0107 si\u0119 do wprowadzenia KSI ju\u017c w\u00a02004 roku, podczas kadencji Rektora Wies\u0142awa Pusia. Uczelnia musia\u0142a wtedy sprosta\u0107 kilku wa\u017cnym wyzwaniom, kt\u00f3re przyni\u00f3s\u0142 rozwijaj\u0105cy si\u0119 rynek edukacyjny w\u00a0Polsce. By\u0142y to mi\u0119dzy innymi: rosn\u0105ca konkurencja prywatnych szk\u00f3\u0142 wy\u017cszych, potrzeba skutecznego wykorzystania \u015brodk\u00f3w unijnych, zmieniaj\u0105cy si\u0119 system finansowania uczelni i\u00a0niekorzystna sytuacja finansowa.<\/p>\n<p>Podpisanie umowy z\u00a0Uniwersytetem Opolskim ma by\u0107 pocz\u0105tkiem wi\u0119kszego projektu mi\u0119dzyuczelnianego. Uniwersytet \u0141\u00f3dzki i Uniwersytet Opolski szukaj\u0105\u00a0 innych partner\u00f3w, kt\u00f3rym mogliby zaoferowa\u0107 swoj\u0105 wiedz\u0119 i\u00a0do\u015bwiadczenie, ale r\u00f3wnie\u017c zdobywa\u0107 nowe dane i\u00a0ulepsza\u0107 funkcjonowanie KSI.<\/p>\n","protected":false},"excerpt":{"rendered":"<p>Uniwersytet \u0141\u00f3dzki i Uniwersytet Opolski w roku 2017 za\u0142o\u017cyli Konsorcjum pod nazw\u0105 \u201e\u00a0Standaryzacja Rozwi\u0105za\u0144 Zarz\u0105dczych dla Uczelni&#8221;. Przedsi\u0119wzi\u0119cie to ma(&#8230;)<\/p>\n","protected":false},"author":1,"featured_media":0,"parent":0,"menu_order":0,"comment_status":"closed","ping_status":"closed","template":"","meta":{"footnotes":""},"class_list":["post-5","page","type-page","status-publish","hentry"],"_links":{"self":[{"href":"https:\/\/standards4.university\/index.php\/wp-json\/wp\/v2\/pages\/5","targetHints":{"allow":["GET"]}}],"collection":[{"href":"https:\/\/standards4.university\/index.php\/wp-json\/wp\/v2\/pages"}],"about":[{"href":"https:\/\/standards4.university\/index.php\/wp-json\/wp\/v2\/types\/page"}],"author":[{"embeddable":true,"href":"https:\/\/standards4.university\/index.php\/wp-json\/wp\/v2\/users\/1"}],"replies":[{"embeddable":true,"href":"https:\/\/standards4.university\/index.php\/wp-json\/wp\/v2\/comments?post=5"}],"version-history":[{"count":6,"href":"https:\/\/standards4.university\/index.php\/wp-json\/wp\/v2\/pages\/5\/revisions"}],"predecessor-version":[{"id":19,"href":"https:\/\/standards4.university\/index.php\/wp-json\/wp\/v2\/pages\/5\/revisions\/19"}],"wp:attachment":[{"href":"https:\/\/standards4.university\/index.php\/wp-json\/wp\/v2\/media?parent=5"}],"curies":[{"name":"wp","href":"https:\/\/api.w.org\/{rel}","templated":true}]}}