{"id":40,"date":"2022-09-22T14:14:48","date_gmt":"2022-09-22T12:14:48","guid":{"rendered":"http:\/\/standards4.university\/?page_id=40"},"modified":"2023-01-16T15:31:08","modified_gmt":"2023-01-16T14:31:08","slug":"wspolpraca","status":"publish","type":"page","link":"https:\/\/standards4.university\/index.php\/wspolpraca\/","title":{"rendered":"Wsp\u00f3\u0142praca"},"content":{"rendered":"<p>Szanowni Pa\u0144stwo,<\/p>\n<p>Konsorcjum \u201eStandaryzacja Rozwi\u0105za\u0144 Zarz\u0105dczych dla Uczelni\u201d poszukuje partner\u00f3w ch\u0119tnych do \u015bwiadczenia us\u0142ugi wdra\u017cania systemu kadrowo-p\u0142acowego Rektorat oraz Portalu Pracowniczego opracowanych w ramach konsorcjum.<\/p>\n<p>W przypadku zainteresowania prosimy o kontakt: konsorcjum.ksi@uni.lodz.pl<\/p>\n<p>&nbsp;<\/p>\n<p>&nbsp;<\/p>\n","protected":false},"excerpt":{"rendered":"<p>Szanowni Pa\u0144stwo, Konsorcjum \u201eStandaryzacja Rozwi\u0105za\u0144 Zarz\u0105dczych dla Uczelni\u201d poszukuje partner\u00f3w ch\u0119tnych do \u015bwiadczenia us\u0142ugi wdra\u017cania systemu kadrowo-p\u0142acowego Rektorat oraz Portalu(&#8230;)<\/p>\n","protected":false},"author":139122,"featured_media":0,"parent":0,"menu_order":0,"comment_status":"closed","ping_status":"closed","template":"","meta":{"footnotes":""},"class_list":["post-40","page","type-page","status-publish","hentry"],"_links":{"self":[{"href":"https:\/\/standards4.university\/index.php\/wp-json\/wp\/v2\/pages\/40","targetHints":{"allow":["GET"]}}],"collection":[{"href":"https:\/\/standards4.university\/index.php\/wp-json\/wp\/v2\/pages"}],"about":[{"href":"https:\/\/standards4.university\/index.php\/wp-json\/wp\/v2\/types\/page"}],"author":[{"embeddable":true,"href":"https:\/\/standards4.university\/index.php\/wp-json\/wp\/v2\/users\/139122"}],"replies":[{"embeddable":true,"href":"https:\/\/standards4.university\/index.php\/wp-json\/wp\/v2\/comments?post=40"}],"version-history":[{"count":2,"href":"https:\/\/standards4.university\/index.php\/wp-json\/wp\/v2\/pages\/40\/revisions"}],"predecessor-version":[{"id":44,"href":"https:\/\/standards4.university\/index.php\/wp-json\/wp\/v2\/pages\/40\/revisions\/44"}],"wp:attachment":[{"href":"https:\/\/standards4.university\/index.php\/wp-json\/wp\/v2\/media?parent=40"}],"curies":[{"name":"wp","href":"https:\/\/api.w.org\/{rel}","templated":true}]}}