{"id":31,"date":"2019-01-18T11:27:36","date_gmt":"2019-01-18T10:27:36","guid":{"rendered":"http:\/\/standards4.university\/?page_id=31"},"modified":"2019-01-18T11:27:36","modified_gmt":"2019-01-18T10:27:36","slug":"system-kadrowo-placowy-rektorat","status":"publish","type":"page","link":"https:\/\/standards4.university\/index.php\/system-kadrowo-placowy-rektorat\/","title":{"rendered":"System kadrowo-p\u0142acowy\u00a0Rektorat"},"content":{"rendered":"<p>System kadrowo-p\u0142acowy\u00a0Rektorat powsta\u0142 w 2004 roku w Uniwersytecie \u0141\u00f3dzkim i od tego czasu jest stale rozwijanym podstawowym systemem uczelni.<\/p>\n<p>W 2017 rozpocz\u0119to prace nad now\u0105 wersj\u0105 systemu &#8211; <strong>Rektorat 2.0<\/strong>, \u00a0wdra\u017can\u0105 obecnie w ramach prac konsorcjum w Uniwersytecie Opolskim i Uniwersytecie \u0141\u00f3dzkim.<\/p>\n<p><strong>Rektorat 2.0<\/strong> jest w pe\u0142ni dostosowany do potrzeb du\u017cych uczelni publicznych \u2013 od samego pocz\u0105tku jest tworzony w oparciu o wymagania stawiane bezpo\u015brednio przez merytoryczne dzia\u0142y uczelni przez ten sam zesp\u00f3\u0142 do\u015bwiadczonych programist\u00f3w i analityk\u00f3w.<\/p>\n<p>Kluczowymi wymaganiami stawianymi wobec projektu by\u0142y zawsze jego wydajno\u015b\u0107, stabilno\u015b\u0107 i bezpiecze\u0144stwo. Architektura systemu pozwala tak\u017ce na bezproblemow\u0105 integracj\u0119 z innymi narz\u0119dziami takimi jak np. system finansowo-ksi\u0119gowy oraz jego \u0142atw\u0105 rozbudow\u0119, np. o nowe raporty dzi\u0119ki wykorzystaniu narz\u0119dzia BIRT.<\/p>\n<p>Obecna wersja systemu jest stale rozwijana a w jej sk\u0142ad wchodz\u0105:<\/p>\n<p><strong>Modu\u0142 kadrowy<\/strong> dostarcza funkcjonalno\u015bci z obszaru proces\u00f3w spraw pracowniczych:<\/p>\n<ul>\n<li>Kartoteka<\/li>\n<li>Zatrudnianie<\/li>\n<li>Wynagrodzenie<\/li>\n<li>Czas pracy<\/li>\n<li>Statystyki<\/li>\n<\/ul>\n<p><strong>Modu\u0142 p\u0142acowy<\/strong> zapewnia funkcjonalno\u015bci z zakresu:<\/p>\n<ul>\n<li>Parametryzacja<\/li>\n<li>Sk\u0142adniki<\/li>\n<li>Listy g\u0142\u00f3wne<\/li>\n<li>Listy dodatkowe<\/li>\n<li>Umowy cywilnoprawne i rachunki<\/li>\n<li>Statystki, \u015brednie i raporty<\/li>\n<\/ul>\n<p><strong>Modu\u0142 ZUS <\/strong>odpowiada za tworzenie dokument\u00f3w zg\u0142oszeniowych i rozliczeniowych oraz integracj\u0119 z P\u0142atnikiem.<\/p>\n<p><strong>Modu\u0142 spraw socjalnych <\/strong>umo\u017cliwia ewidencjonowanie, naliczanie i kontrol\u0119 \u015bwiadcze\u0144 socjalnych.<\/p>\n<p><strong>Modu\u0142 podatkowy <\/strong>pozwala na obliczenie i wygenerowanie formularzy PIT.<\/p>\n<p>Wszystkie modu\u0142y tworz\u0105 w pe\u0142ni zintegrowany system pozwalaj\u0105cy na sprawn\u0105 realizacj\u0119 proces\u00f3w biznesowych w uczelni.<\/p>\n","protected":false},"excerpt":{"rendered":"<p>System kadrowo-p\u0142acowy\u00a0Rektorat powsta\u0142 w 2004 roku w Uniwersytecie \u0141\u00f3dzkim i od tego czasu jest stale rozwijanym podstawowym systemem uczelni. W(&#8230;)<\/p>\n","protected":false},"author":139121,"featured_media":0,"parent":0,"menu_order":0,"comment_status":"closed","ping_status":"closed","template":"","meta":{"footnotes":""},"class_list":["post-31","page","type-page","status-publish","hentry"],"_links":{"self":[{"href":"https:\/\/standards4.university\/index.php\/wp-json\/wp\/v2\/pages\/31","targetHints":{"allow":["GET"]}}],"collection":[{"href":"https:\/\/standards4.university\/index.php\/wp-json\/wp\/v2\/pages"}],"about":[{"href":"https:\/\/standards4.university\/index.php\/wp-json\/wp\/v2\/types\/page"}],"author":[{"embeddable":true,"href":"https:\/\/standards4.university\/index.php\/wp-json\/wp\/v2\/users\/139121"}],"replies":[{"embeddable":true,"href":"https:\/\/standards4.university\/index.php\/wp-json\/wp\/v2\/comments?post=31"}],"version-history":[{"count":1,"href":"https:\/\/standards4.university\/index.php\/wp-json\/wp\/v2\/pages\/31\/revisions"}],"predecessor-version":[{"id":32,"href":"https:\/\/standards4.university\/index.php\/wp-json\/wp\/v2\/pages\/31\/revisions\/32"}],"wp:attachment":[{"href":"https:\/\/standards4.university\/index.php\/wp-json\/wp\/v2\/media?parent=31"}],"curies":[{"name":"wp","href":"https:\/\/api.w.org\/{rel}","templated":true}]}}