{"id":28,"date":"2019-01-18T10:39:14","date_gmt":"2019-01-18T09:39:14","guid":{"rendered":"http:\/\/standards4.university\/?page_id=28"},"modified":"2019-01-18T11:29:47","modified_gmt":"2019-01-18T10:29:47","slug":"portal-pracowniczy","status":"publish","type":"page","link":"https:\/\/standards4.university\/index.php\/portal-pracowniczy\/","title":{"rendered":"Portal Pracowniczy"},"content":{"rendered":"<p><strong>Portal Pracowniczy<\/strong> to system informatyczny, kt\u00f3ry w formie webowego interfejsu dost\u0119pnego\u00a0dla wszystkich pracownik\u00f3w uczelni pozwala na \u0142atwy dost\u0119p do najwa\u017cniejszych informacji z zakresu kadrowo-p\u0142acowego, uczelnianych aktualno\u015bci oraz wa\u017cnych informacji.<\/p>\n<p>Narz\u0119dzie to jest tak\u017ce zaawansowanym systemem elektronicznej obs\u0142ugi dokument\u00f3w wspieraj\u0105cym m.in w pe\u0142ni elektroniczn\u0105 obs\u0142ug\u0119 proces\u00f3w uczelnianych z wykorzystaniem wewn\u0105trz uniwersyteckiego elektronicznego podpisu niekwalifikowanego.<\/p>\n<p>System jest stale rozwijany o nowe funkcjonalno\u015bci, a obecnie sk\u0142ada si\u0119 z trzech g\u0142\u00f3wnych modu\u0142\u00f3w:<\/p>\n<ul>\n<li>Modu\u0142 kadrowo-p\u0142acowy\n<ul>\n<li>Informacje o zatrudnieniu (stanowisko, data zatrudnienia itp.) wraz z histori\u0105 zatrudnienia w uczelni.<\/li>\n<li>Podgl\u0105d do danych kadrowych wykorzystywanych np. w procesie wnioskowana o \u015bwiadczenia socjalne<\/li>\n<li>Informacje o wynagrodzeniu (elektroniczny pasek p\u0142acowy, historia wynagrodze\u0144)<\/li>\n<li>Informacja o urlopach i nieobecno\u015bciach (historia, podsumowanie ilo\u015bci dost\u0119pnych dni urlopu itp.)<\/li>\n<li>Odbieranie formularzy PIT (wraz z potwierdzeniem odbioru)<\/li>\n<\/ul>\n<\/li>\n<li>Modu\u0142 intranetowy\n<ul>\n<li>Aktualno\u015bci uczelniane<\/li>\n<li>Wa\u017cne informacje (dokumenty z dzia\u0142u spraw socjalnych, informacje odno\u015bnie ochrony danych osobowych)<\/li>\n<li>Komunikaty<\/li>\n<\/ul>\n<\/li>\n<li>Modu\u0142 elektronicznej obs\u0142ugi dokument\u00f3w\n<ul>\n<li>Delegacje krajowe<\/li>\n<li>Faktury krajowe<\/li>\n<li>Umowy cywilnoprawne<\/li>\n<li>Noty ksi\u0119gowe wewn\u0105trzuczelniane<\/li>\n<li>Wnioski o \u015bwiadczenia socjalne\n<ul>\n<li>O\u015bwiadczenie o dochodach<\/li>\n<li>Wniosek o dofinansowanie do dzia\u0142alno\u015bci kulturalno-o\u015bwiatowej<\/li>\n<li>Wnioski o dofinansowanie do kolonii\/obozu, zimowisk<\/li>\n<li>Wniosek o dofinansowanie do przedszkola<\/li>\n<li>Wnioski o dofinansowanie do \u201ewczas\u00f3w\u00a0 pod grusz\u0105\u201d i wczas\u00f3w indywidualnie zakupionych<\/li>\n<\/ul>\n<\/li>\n<li>Wnioski kadrowe\n<ul>\n<li>Wnioski urlopowe dla nie nauczycieli (urlop okoliczno\u015bciowy, wypoczynkowy, wypoczynkowy na \u017c\u0105danie)<\/li>\n<\/ul>\n<\/li>\n<li>Listy zada\u0144 i dokument\u00f3w<\/li>\n<\/ul>\n<\/li>\n<\/ul>\n<p>&nbsp;<\/p>\n","protected":false},"excerpt":{"rendered":"<p>Portal Pracowniczy to system informatyczny, kt\u00f3ry w formie webowego interfejsu dost\u0119pnego\u00a0dla wszystkich pracownik\u00f3w uczelni pozwala na \u0142atwy dost\u0119p do najwa\u017cniejszych(&#8230;)<\/p>\n","protected":false},"author":139121,"featured_media":0,"parent":0,"menu_order":0,"comment_status":"closed","ping_status":"closed","template":"","meta":{"footnotes":""},"class_list":["post-28","page","type-page","status-publish","hentry"],"_links":{"self":[{"href":"https:\/\/standards4.university\/index.php\/wp-json\/wp\/v2\/pages\/28","targetHints":{"allow":["GET"]}}],"collection":[{"href":"https:\/\/standards4.university\/index.php\/wp-json\/wp\/v2\/pages"}],"about":[{"href":"https:\/\/standards4.university\/index.php\/wp-json\/wp\/v2\/types\/page"}],"author":[{"embeddable":true,"href":"https:\/\/standards4.university\/index.php\/wp-json\/wp\/v2\/users\/139121"}],"replies":[{"embeddable":true,"href":"https:\/\/standards4.university\/index.php\/wp-json\/wp\/v2\/comments?post=28"}],"version-history":[{"count":3,"href":"https:\/\/standards4.university\/index.php\/wp-json\/wp\/v2\/pages\/28\/revisions"}],"predecessor-version":[{"id":35,"href":"https:\/\/standards4.university\/index.php\/wp-json\/wp\/v2\/pages\/28\/revisions\/35"}],"wp:attachment":[{"href":"https:\/\/standards4.university\/index.php\/wp-json\/wp\/v2\/media?parent=28"}],"curies":[{"name":"wp","href":"https:\/\/api.w.org\/{rel}","templated":true}]}}