{"id":20,"date":"2019-01-17T14:08:50","date_gmt":"2019-01-17T13:08:50","guid":{"rendered":"http:\/\/standards4.university\/?page_id=20"},"modified":"2022-09-22T14:17:34","modified_gmt":"2022-09-22T12:17:34","slug":"biuro","status":"publish","type":"page","link":"https:\/\/standards4.university\/index.php\/biuro\/","title":{"rendered":"Kontakt"},"content":{"rendered":"<p><strong><em>Konsorcjum \u201eStandaryzacja Rozwi\u0105za\u0144 Zarz\u0105dczych dla Uczelni\u201d<\/em><\/strong><\/p>\n<p>Adres : ul. Narutowicza 68, 90-136 \u0141\u00f3d\u017a<\/p>\n<p>Telefon. +48\u00a0635 65 00 wewn.1<\/p>\n<p><a href=\"mailto:konsorcjum.ksi@uni.lodz.pl\">email: konsorcjum.ksi@uni.lodz.pl\u00a0<\/a><\/p>\n","protected":false},"excerpt":{"rendered":"<p>Konsorcjum \u201eStandaryzacja Rozwi\u0105za\u0144 Zarz\u0105dczych dla Uczelni\u201d Adres : ul. Narutowicza 68, 90-136 \u0141\u00f3d\u017a Telefon. +48\u00a0635 65 00 wewn.1 email: konsorcjum.ksi@uni.lodz.pl\u00a0<\/p>\n","protected":false},"author":2,"featured_media":0,"parent":0,"menu_order":0,"comment_status":"closed","ping_status":"closed","template":"","meta":{"footnotes":""},"class_list":["post-20","page","type-page","status-publish","hentry"],"_links":{"self":[{"href":"https:\/\/standards4.university\/index.php\/wp-json\/wp\/v2\/pages\/20","targetHints":{"allow":["GET"]}}],"collection":[{"href":"https:\/\/standards4.university\/index.php\/wp-json\/wp\/v2\/pages"}],"about":[{"href":"https:\/\/standards4.university\/index.php\/wp-json\/wp\/v2\/types\/page"}],"author":[{"embeddable":true,"href":"https:\/\/standards4.university\/index.php\/wp-json\/wp\/v2\/users\/2"}],"replies":[{"embeddable":true,"href":"https:\/\/standards4.university\/index.php\/wp-json\/wp\/v2\/comments?post=20"}],"version-history":[{"count":7,"href":"https:\/\/standards4.university\/index.php\/wp-json\/wp\/v2\/pages\/20\/revisions"}],"predecessor-version":[{"id":43,"href":"https:\/\/standards4.university\/index.php\/wp-json\/wp\/v2\/pages\/20\/revisions\/43"}],"wp:attachment":[{"href":"https:\/\/standards4.university\/index.php\/wp-json\/wp\/v2\/media?parent=20"}],"curies":[{"name":"wp","href":"https:\/\/api.w.org\/{rel}","templated":true}]}}